{"id":245,"date":"2019-08-17T19:53:53","date_gmt":"2019-08-17T19:53:53","guid":{"rendered":"https:\/\/voices-of-endingen.de\/?page_id=245"},"modified":"2026-03-29T12:43:16","modified_gmt":"2026-03-29T12:43:16","slug":"repertoire","status":"publish","type":"page","link":"https:\/\/voices-of-endingen.de\/wir-ueber-uns\/repertoire\/","title":{"rendered":"Repertoire"},"content":{"rendered":"\t\t<div data-elementor-type=\"wp-post\" data-elementor-id=\"245\" class=\"elementor elementor-245\">\n\t\t\t\t\t\t<div class=\"elementor-inner\">\n\t\t\t\t<div class=\"elementor-section-wrap\">\n\t\t\t\t\t\t\t\t\t<section class=\"elementor-section elementor-top-section elementor-element elementor-element-cbebbbd elementor-section-boxed elementor-section-height-default elementor-section-height-default\" data-id=\"cbebbbd\" data-element_type=\"section\">\n\t\t\t\t\t\t<div class=\"elementor-container elementor-column-gap-default\">\n\t\t\t\t\t\t\t<div class=\"elementor-row\">\n\t\t\t\t\t<div class=\"elementor-column elementor-col-100 elementor-top-column elementor-element elementor-element-2f8ccef\" data-id=\"2f8ccef\" data-element_type=\"column\">\n\t\t\t<div class=\"elementor-column-wrap elementor-element-populated\">\n\t\t\t\t\t\t\t<div class=\"elementor-widget-wrap\">\n\t\t\t\t\t\t<div class=\"elementor-element elementor-element-534c7b7 elementor-widget elementor-widget-text-editor\" data-id=\"534c7b7\" data-element_type=\"widget\" data-widget_type=\"text-editor.default\">\n\t\t\t\t<div class=\"elementor-widget-container\">\n\t\t\t\t\t\t\t\t<div class=\"elementor-text-editor elementor-clearfix\">\n\t\t\t\t<h1><b><u><i>Unser Repertoire &#8211; der Notenschrank<\/i><\/u><\/b><\/h1><p>Unser Notenschrank ist \u00fcbervoll und das Repertoireverzeichnis ist viele Seiten lang.<br \/>Es gibt kaum einen Stil oder eine Gattung von Vokalmusik, die nicht vertreten w\u00e4re.<\/p><p>Es gibt aber eine deutliche Betonung und Schwerpunktsetzung auf dem Gebiet der \u2013 wie man so sagt \u2013 popul\u00e4ren Musik. Und zwar popul\u00e4r im Sinne von \u201ePopmusik\u201c. Man k\u00f6nnte sagen: Der Chor war bereits unter seinem vorigen Dirigenten Werner Zimmermann ein \u201ePopchor\u201c. Und das zu einer Zeit als es den Begriff \u201ePopchor\u201c noch gar nicht gab.<\/p><p class=\"western\">Beispielhaft nenne ich Gattungen und einige wenige Titel aus diesem Schwerpunkt der Voices of Endingen. Viele Songs entstammen bekannten Musicals: Love never dies, Phantom der Oper, Wicked, Les Miserables, Tanz der Vampire, Aida, Anni get your gun, Die Sch\u00f6ne und das Biest und viele andere. Dann gibt es Adaptionen von Rockgruppen wie Queen (Bohemian Rhapsody), Joachim Witt (Goldener Reiter), Abba (I have a dream), Beatles (Let it be) und John Miles (Music was my first love) sind Beispiele. Mancher Titel liegt n\u00e4her am Chanson oder Schlager \u2013 die Grenzen sind da ja flie\u00dfend:<\/p><p class=\"western\" align=\"LEFT\">Das gilt f\u00fcr Udo J\u00fcrgens (Schenk mir noch eine Stunde), Comedian Harmonists (Wochenend und Sonnenschein), Louis Armstrong (What a wonderful world). Mancher Titel liegt n\u00e4her am Jazz, wie etwa Glenn Miller (In the mood) oder Irving Berlin (Cheek to cheek). Dann kommt auch mal ein A-cappella-Klassiker wie Flying Pickets (Only you) vor. Einige Folkloretitel sind keineswegs nur deutsch: Hava nagila oder Funiculi, Funicula seien genannt. Es findet sich bei uns der eine oder andere klassisch-romantische Chorklassiker wie Mendelssohn-Bartholdy (Abschied vom Walde). Klassiker und Kirchenmusik zugleich ist das Halleluja (Georg Friedrich H\u00e4ndel) oder Messes\u00e4tze von Gounod und Schubert. Bei unserem musikalischen Weihnachtsbeitrag geht es aber immer schon auch flott zu, und zwar mit altbekannten Spirituals (O happy day, Amen, Glorious Kingdom) ebenso wie mit einem afrikanischen Nkosi yam, das m\u00fcndlich \u00fcberliefert ist. Schlie\u00dflich gibt\u2019s auch mal einen \u201eSchlager\u201c wie die Barcarole (Offenbach: Hoffmanns Erz\u00e4hlungen), der der Oper entsprungen ist. Die meisten unserer Titel allerdings fallen in den Bereich eines \u201ePopchores\u201c \u2013 wenn man versucht, es auf ein Wort zu reduzieren.<\/p><p class=\"western\" align=\"LEFT\">(wg)<\/p>\t\t\t\t\t<\/div>\n\t\t\t\t\t\t<\/div>\n\t\t\t\t<\/div>\n\t\t\t\t\t\t<\/div>\n\t\t\t\t\t<\/div>\n\t\t<\/div>\n\t\t\t\t\t\t\t\t<\/div>\n\t\t\t\t\t<\/div>\n\t\t<\/section>\n\t\t\t\t<section class=\"elementor-section elementor-top-section elementor-element elementor-element-37b0a83 elementor-section-boxed elementor-section-height-default elementor-section-height-default\" data-id=\"37b0a83\" data-element_type=\"section\">\n\t\t\t\t\t\t<div class=\"elementor-container elementor-column-gap-default\">\n\t\t\t\t\t\t\t<div class=\"elementor-row\">\n\t\t\t\t\t<div class=\"elementor-column elementor-col-100 elementor-top-column elementor-element elementor-element-d033f2e\" data-id=\"d033f2e\" data-element_type=\"column\">\n\t\t\t<div class=\"elementor-column-wrap elementor-element-populated\">\n\t\t\t\t\t\t\t<div class=\"elementor-widget-wrap\">\n\t\t\t\t\t\t<div class=\"elementor-element elementor-element-ddee4ea elementor-align-right elementor-widget elementor-widget-button\" data-id=\"ddee4ea\" data-element_type=\"widget\" data-widget_type=\"button.default\">\n\t\t\t\t<div class=\"elementor-widget-container\">\n\t\t\t\t\t<div class=\"elementor-button-wrapper\">\n\t\t\t<a href=\"https:\/\/voices-of-endingen.de\/?page_id=25\" class=\"elementor-button-link elementor-button elementor-size-sm\" role=\"button\">\n\t\t\t\t\t\t<span class=\"elementor-button-content-wrapper\">\n\t\t\t\t\t\t<span class=\"elementor-button-text\">Zur\u00fcck zu \"Wir \u00fcber uns\"<\/span>\n\t\t<\/span>\n\t\t\t\t\t<\/a>\n\t\t<\/div>\n\t\t\t\t<\/div>\n\t\t\t\t<\/div>\n\t\t\t\t\t\t<\/div>\n\t\t\t\t\t<\/div>\n\t\t<\/div>\n\t\t\t\t\t\t\t\t<\/div>\n\t\t\t\t\t<\/div>\n\t\t<\/section>\n\t\t\t\t\t\t\t\t\t<\/div>\n\t\t\t<\/div>\n\t\t\t\t\t<\/div>\n\t\t","protected":false},"excerpt":{"rendered":"<p>Unser Repertoire &#8211; der Notenschrank Unser Notenschrank ist \u00fcbervoll und das Repertoireverzeichnis ist viele Seiten lang.Es gibt kaum einen Stil oder eine Gattung von Vokalmusik, die nicht vertreten w\u00e4re. Es gibt aber eine deutliche Betonung und Schwerpunktsetzung auf dem Gebiet der \u2013 wie man so sagt \u2013 popul\u00e4ren Musik. Und zwar popul\u00e4r im Sinne von [&hellip;]<\/p>\n","protected":false},"author":1,"featured_media":0,"parent":25,"menu_order":0,"comment_status":"closed","ping_status":"closed","template":"","meta":{"ocean_post_layout":"","ocean_both_sidebars_style":"","ocean_both_sidebars_content_width":0,"ocean_both_sidebars_sidebars_width":0,"ocean_sidebar":"0","ocean_second_sidebar":"0","ocean_disable_margins":"enable","ocean_add_body_class":"","ocean_shortcode_before_top_bar":"","ocean_shortcode_after_top_bar":"","ocean_shortcode_before_header":"","ocean_shortcode_after_header":"","ocean_has_shortcode":"","ocean_shortcode_after_title":"","ocean_shortcode_before_footer_widgets":"","ocean_shortcode_after_footer_widgets":"","ocean_shortcode_before_footer_bottom":"","ocean_shortcode_after_footer_bottom":"","ocean_display_top_bar":"default","ocean_display_header":"default","ocean_header_style":"","ocean_center_header_left_menu":"0","ocean_custom_header_template":"0","ocean_custom_logo":0,"ocean_custom_retina_logo":0,"ocean_custom_logo_max_width":0,"ocean_custom_logo_tablet_max_width":0,"ocean_custom_logo_mobile_max_width":0,"ocean_custom_logo_max_height":0,"ocean_custom_logo_tablet_max_height":0,"ocean_custom_logo_mobile_max_height":0,"ocean_header_custom_menu":"0","ocean_menu_typo_font_family":"0","ocean_menu_typo_font_subset":"","ocean_menu_typo_font_size":0,"ocean_menu_typo_font_size_tablet":0,"ocean_menu_typo_font_size_mobile":0,"ocean_menu_typo_font_size_unit":"px","ocean_menu_typo_font_weight":"","ocean_menu_typo_font_weight_tablet":"","ocean_menu_typo_font_weight_mobile":"","ocean_menu_typo_transform":"","ocean_menu_typo_transform_tablet":"","ocean_menu_typo_transform_mobile":"","ocean_menu_typo_line_height":0,"ocean_menu_typo_line_height_tablet":0,"ocean_menu_typo_line_height_mobile":0,"ocean_menu_typo_line_height_unit":"","ocean_menu_typo_spacing":0,"ocean_menu_typo_spacing_tablet":0,"ocean_menu_typo_spacing_mobile":0,"ocean_menu_typo_spacing_unit":"","ocean_menu_link_color":"","ocean_menu_link_color_hover":"","ocean_menu_link_color_active":"","ocean_menu_link_background":"","ocean_menu_link_hover_background":"","ocean_menu_link_active_background":"","ocean_menu_social_links_bg":"","ocean_menu_social_hover_links_bg":"","ocean_menu_social_links_color":"","ocean_menu_social_hover_links_color":"","ocean_disable_title":"default","ocean_disable_heading":"default","ocean_post_title":"","ocean_post_subheading":"","ocean_post_title_style":"","ocean_post_title_background_color":"","ocean_post_title_background":0,"ocean_post_title_bg_image_position":"","ocean_post_title_bg_image_attachment":"","ocean_post_title_bg_image_repeat":"","ocean_post_title_bg_image_size":"","ocean_post_title_height":0,"ocean_post_title_bg_overlay":0.5,"ocean_post_title_bg_overlay_color":"","ocean_disable_breadcrumbs":"default","ocean_breadcrumbs_color":"","ocean_breadcrumbs_separator_color":"","ocean_breadcrumbs_links_color":"","ocean_breadcrumbs_links_hover_color":"","ocean_display_footer_widgets":"default","ocean_display_footer_bottom":"default","ocean_custom_footer_template":"0","footnotes":"","_links_to":"","_links_to_target":""},"class_list":["post-245","page","type-page","status-publish","hentry","entry"],"_links":{"self":[{"href":"https:\/\/voices-of-endingen.de\/wp-json\/wp\/v2\/pages\/245","targetHints":{"allow":["GET"]}}],"collection":[{"href":"https:\/\/voices-of-endingen.de\/wp-json\/wp\/v2\/pages"}],"about":[{"href":"https:\/\/voices-of-endingen.de\/wp-json\/wp\/v2\/types\/page"}],"author":[{"embeddable":true,"href":"https:\/\/voices-of-endingen.de\/wp-json\/wp\/v2\/users\/1"}],"replies":[{"embeddable":true,"href":"https:\/\/voices-of-endingen.de\/wp-json\/wp\/v2\/comments?post=245"}],"version-history":[{"count":15,"href":"https:\/\/voices-of-endingen.de\/wp-json\/wp\/v2\/pages\/245\/revisions"}],"predecessor-version":[{"id":1931,"href":"https:\/\/voices-of-endingen.de\/wp-json\/wp\/v2\/pages\/245\/revisions\/1931"}],"up":[{"embeddable":true,"href":"https:\/\/voices-of-endingen.de\/wp-json\/wp\/v2\/pages\/25"}],"wp:attachment":[{"href":"https:\/\/voices-of-endingen.de\/wp-json\/wp\/v2\/media?parent=245"}],"curies":[{"name":"wp","href":"https:\/\/api.w.org\/{rel}","templated":true}]}}