{"id":22,"date":"2018-06-17T20:28:29","date_gmt":"2018-06-17T20:28:29","guid":{"rendered":"https:\/\/voices-of-endingen.de\/?page_id=22"},"modified":"2026-03-30T22:54:31","modified_gmt":"2026-03-30T22:54:31","slug":"aktuelles","status":"publish","type":"page","link":"https:\/\/voices-of-endingen.de\/","title":{"rendered":"Aktuelles"},"content":{"rendered":"\t\t<div data-elementor-type=\"wp-post\" data-elementor-id=\"22\" class=\"elementor elementor-22\">\n\t\t\t\t\t\t<div class=\"elementor-inner\">\n\t\t\t\t<div class=\"elementor-section-wrap\">\n\t\t\t\t\t\t\t\t\t<section class=\"elementor-section elementor-top-section elementor-element elementor-element-68831b2 elementor-section-boxed elementor-section-height-default elementor-section-height-default\" data-id=\"68831b2\" data-element_type=\"section\" data-settings=\"{&quot;background_background&quot;:&quot;gradient&quot;}\">\n\t\t\t\t\t\t<div class=\"elementor-container elementor-column-gap-default\">\n\t\t\t\t\t\t\t<div class=\"elementor-row\">\n\t\t\t\t\t<div class=\"elementor-column elementor-col-100 elementor-top-column elementor-element elementor-element-b0ced5c\" data-id=\"b0ced5c\" data-element_type=\"column\" data-settings=\"{&quot;background_background&quot;:&quot;gradient&quot;}\">\n\t\t\t<div class=\"elementor-column-wrap elementor-element-populated\">\n\t\t\t\t\t\t\t<div class=\"elementor-widget-wrap\">\n\t\t\t\t\t\t<div class=\"elementor-element elementor-element-d8490df elementor-widget elementor-widget-text-editor\" data-id=\"d8490df\" data-element_type=\"widget\" data-widget_type=\"text-editor.default\">\n\t\t\t\t<div class=\"elementor-widget-container\">\n\t\t\t\t\t\t\t\t<div class=\"elementor-text-editor elementor-clearfix\">\n\t\t\t\t<h1 style=\"text-align: center; margin-bottom: 0;\">Willkommen bei Voices of Endingen, dem Chor der MGV-Singgemeinschaft Endingen e. V.<\/h1><br>\n<h1 style=\"margin-bottom: 0;\"><em><strong>Interessierte sind immer herzlich willkommen!<\/strong><\/em><\/h1>\n<div>Wir sind ein <b>gemischter Chor<\/b> mit zurzeit gut 50 aktiven S\u00e4ngerinnen und S\u00e4ngern der MGV-Singgemeinschaft Endingen. Hervorgegangen aus dem einstigen M\u00e4nnergesangsverein Endingen firmieren wir seit 2013 unter dem Namen &#8222;Voices of Endingen&#8220;. Unser Repertoire beinhaltet vor allem <b>Melodien aus Pop, Spirituals, Filmmusik und Musicals.<\/b> Jedes Jahr im Mai veranstalten wir unser Jahreskonzert, im j\u00e4hrlichen Wechsel allein bzw. gemeinsam mit einem Gastchor. Im Jahr 2026 werden wir am 2. Mai unser Jubil\u00e4umskonzert anl\u00e4sslich des 100j\u00e4hrigen Bestehens der MGV-Singgemeinschaft geben, am Samstag, 24. Oktober feiern wir unsere gro\u00dfe Geburtstagsparty. Auch wenn wir bereits ein recht gro\u00dfer Chor sind, freuen wir uns weiterhin \u00fcber Jede und Jeden, die oder der den Weg zu uns findet und uns mit seiner oder ihrer Stimme verst\u00e4rken m\u00f6chte. Voraussetzung sind Spa\u00df am Singen und die Bereitschaft zu regelm\u00e4\u00dfiger Probenarbeit. Wir treffen uns jeden Donnerstag um 20:00 Uhr im Heimatsaal der Stadthalle Endingen, Bahlinger Weg 2.<\/div>\t\t\t\t\t<\/div>\n\t\t\t\t\t\t<\/div>\n\t\t\t\t<\/div>\n\t\t\t\t\t\t<\/div>\n\t\t\t\t\t<\/div>\n\t\t<\/div>\n\t\t\t\t\t\t\t\t<\/div>\n\t\t\t\t\t<\/div>\n\t\t<\/section>\n\t\t\t\t<section class=\"elementor-section elementor-top-section elementor-element elementor-element-98ad051 elementor-section-boxed elementor-section-height-default elementor-section-height-default\" data-id=\"98ad051\" data-element_type=\"section\">\n\t\t\t\t\t\t<div class=\"elementor-container elementor-column-gap-default\">\n\t\t\t\t\t\t\t<div class=\"elementor-row\">\n\t\t\t\t\t<div class=\"elementor-column elementor-col-100 elementor-top-column elementor-element elementor-element-6a01cb6\" data-id=\"6a01cb6\" data-element_type=\"column\">\n\t\t\t<div class=\"elementor-column-wrap elementor-element-populated\">\n\t\t\t\t\t\t\t<div class=\"elementor-widget-wrap\">\n\t\t\t\t\t\t<div class=\"elementor-element elementor-element-27aff2e elementor-widget elementor-widget-text-editor\" data-id=\"27aff2e\" data-element_type=\"widget\" data-widget_type=\"text-editor.default\">\n\t\t\t\t<div class=\"elementor-widget-container\">\n\t\t\t\t\t\t\t\t<div class=\"elementor-text-editor elementor-clearfix\">\n\t\t\t\t<h2 style=\"font-size: 30px; text-align: center;\">Herzliche Einladung zu unserem Jubil\u00e4umskonzert zum 100-j\u00e4hrigen Bestehen<\/h2>\t\t\t\t\t<\/div>\n\t\t\t\t\t\t<\/div>\n\t\t\t\t<\/div>\n\t\t\t\t<div class=\"elementor-element elementor-element-19b46aa elementor-widget elementor-widget-image\" data-id=\"19b46aa\" data-element_type=\"widget\" data-widget_type=\"image.default\">\n\t\t\t\t<div class=\"elementor-widget-container\">\n\t\t\t\t\t\t\t\t<div class=\"elementor-image\">\n\t\t\t\t\t\t\t\t\t\t\t\t<img loading=\"lazy\" decoding=\"async\" width=\"724\" height=\"1024\" src=\"https:\/\/voices-of-endingen.de\/wp-content\/uploads\/2026\/03\/Plakat-Konzept-v1.7-724x1024.png\" class=\"attachment-large size-large\" alt=\"Das Plakat zum Jubil\u00e4umskonzert 20\/100\" srcset=\"https:\/\/voices-of-endingen.de\/wp-content\/uploads\/2026\/03\/Plakat-Konzept-v1.7-724x1024.png 724w, https:\/\/voices-of-endingen.de\/wp-content\/uploads\/2026\/03\/Plakat-Konzept-v1.7-212x300.png 212w, https:\/\/voices-of-endingen.de\/wp-content\/uploads\/2026\/03\/Plakat-Konzept-v1.7-106x150.png 106w, https:\/\/voices-of-endingen.de\/wp-content\/uploads\/2026\/03\/Plakat-Konzept-v1.7-768x1086.png 768w, https:\/\/voices-of-endingen.de\/wp-content\/uploads\/2026\/03\/Plakat-Konzept-v1.7-1086x1536.png 1086w, https:\/\/voices-of-endingen.de\/wp-content\/uploads\/2026\/03\/Plakat-Konzept-v1.7-1448x2048.png 1448w, https:\/\/voices-of-endingen.de\/wp-content\/uploads\/2026\/03\/Plakat-Konzept-v1.7-scaled.png 1810w\" sizes=\"auto, (max-width: 724px) 100vw, 724px\" \/>\t\t\t\t\t\t\t\t\t\t\t\t\t\t<\/div>\n\t\t\t\t\t\t<\/div>\n\t\t\t\t<\/div>\n\t\t\t\t<div class=\"elementor-element elementor-element-49a951c elementor-widget elementor-widget-text-editor\" data-id=\"49a951c\" data-element_type=\"widget\" data-widget_type=\"text-editor.default\">\n\t\t\t\t<div class=\"elementor-widget-container\">\n\t\t\t\t\t\t\t\t<div class=\"elementor-text-editor elementor-clearfix\">\n\t\t\t\t<div style=\"font-size: 18px; text-align: center;\">Wir freuen uns, Sie als Gast in unserem Konzert begr\u00fc\u00dfen zu d\u00fcrfen!<br>\nEinlass ab 19:00 Uhr.<\/div>\t\t\t\t\t<\/div>\n\t\t\t\t\t\t<\/div>\n\t\t\t\t<\/div>\n\t\t\t\t\t\t<\/div>\n\t\t\t\t\t<\/div>\n\t\t<\/div>\n\t\t\t\t\t\t\t\t<\/div>\n\t\t\t\t\t<\/div>\n\t\t<\/section>\n\t\t\t\t<section class=\"elementor-section elementor-top-section elementor-element elementor-element-37dd42a elementor-section-boxed elementor-section-height-default elementor-section-height-default\" data-id=\"37dd42a\" data-element_type=\"section\">\n\t\t\t\t\t\t<div class=\"elementor-container elementor-column-gap-default\">\n\t\t\t\t\t\t\t<div class=\"elementor-row\">\n\t\t\t\t\t<div class=\"elementor-column elementor-col-100 elementor-top-column elementor-element elementor-element-6964124\" data-id=\"6964124\" data-element_type=\"column\">\n\t\t\t<div class=\"elementor-column-wrap\">\n\t\t\t\t\t\t\t<div class=\"elementor-widget-wrap\">\n\t\t\t\t\t\t\t\t<\/div>\n\t\t\t\t\t<\/div>\n\t\t<\/div>\n\t\t\t\t\t\t\t\t<\/div>\n\t\t\t\t\t<\/div>\n\t\t<\/section>\n\t\t\t\t\t\t\t\t\t<\/div>\n\t\t\t<\/div>\n\t\t\t\t\t<\/div>\n\t\t","protected":false},"excerpt":{"rendered":"<p>Willkommen bei Voices of Endingen, dem Chor der MGV-Singgemeinschaft Endingen e. V. Interessierte sind immer herzlich willkommen! Wir sind ein gemischter Chor mit zurzeit gut 50 aktiven S\u00e4ngerinnen und S\u00e4ngern der MGV-Singgemeinschaft Endingen. Hervorgegangen aus dem einstigen M\u00e4nnergesangsverein Endingen firmieren wir seit 2013 unter dem Namen &#8222;Voices of Endingen&#8220;. Unser Repertoire beinhaltet vor allem Melodien [&hellip;]<\/p>\n","protected":false},"author":1,"featured_media":0,"parent":0,"menu_order":0,"comment_status":"closed","ping_status":"closed","template":"","meta":{"ocean_post_layout":"","ocean_both_sidebars_style":"","ocean_both_sidebars_content_width":0,"ocean_both_sidebars_sidebars_width":0,"ocean_sidebar":"0","ocean_second_sidebar":"0","ocean_disable_margins":"enable","ocean_add_body_class":"","ocean_shortcode_before_top_bar":"","ocean_shortcode_after_top_bar":"","ocean_shortcode_before_header":"","ocean_shortcode_after_header":"","ocean_has_shortcode":"","ocean_shortcode_after_title":"","ocean_shortcode_before_footer_widgets":"","ocean_shortcode_after_footer_widgets":"","ocean_shortcode_before_footer_bottom":"","ocean_shortcode_after_footer_bottom":"","ocean_display_top_bar":"default","ocean_display_header":"default","ocean_header_style":"","ocean_center_header_left_menu":"0","ocean_custom_header_template":"0","ocean_custom_logo":0,"ocean_custom_retina_logo":0,"ocean_custom_logo_max_width":0,"ocean_custom_logo_tablet_max_width":0,"ocean_custom_logo_mobile_max_width":0,"ocean_custom_logo_max_height":0,"ocean_custom_logo_tablet_max_height":0,"ocean_custom_logo_mobile_max_height":0,"ocean_header_custom_menu":"0","ocean_menu_typo_font_family":"0","ocean_menu_typo_font_subset":"","ocean_menu_typo_font_size":0,"ocean_menu_typo_font_size_tablet":0,"ocean_menu_typo_font_size_mobile":0,"ocean_menu_typo_font_size_unit":"px","ocean_menu_typo_font_weight":"","ocean_menu_typo_font_weight_tablet":"","ocean_menu_typo_font_weight_mobile":"","ocean_menu_typo_transform":"","ocean_menu_typo_transform_tablet":"","ocean_menu_typo_transform_mobile":"","ocean_menu_typo_line_height":0,"ocean_menu_typo_line_height_tablet":0,"ocean_menu_typo_line_height_mobile":0,"ocean_menu_typo_line_height_unit":"","ocean_menu_typo_spacing":0,"ocean_menu_typo_spacing_tablet":0,"ocean_menu_typo_spacing_mobile":0,"ocean_menu_typo_spacing_unit":"","ocean_menu_link_color":"","ocean_menu_link_color_hover":"","ocean_menu_link_color_active":"","ocean_menu_link_background":"","ocean_menu_link_hover_background":"","ocean_menu_link_active_background":"","ocean_menu_social_links_bg":"","ocean_menu_social_hover_links_bg":"","ocean_menu_social_links_color":"","ocean_menu_social_hover_links_color":"","ocean_disable_title":"default","ocean_disable_heading":"default","ocean_post_title":"","ocean_post_subheading":"","ocean_post_title_style":"","ocean_post_title_background_color":"","ocean_post_title_background":0,"ocean_post_title_bg_image_position":"","ocean_post_title_bg_image_attachment":"","ocean_post_title_bg_image_repeat":"","ocean_post_title_bg_image_size":"","ocean_post_title_height":0,"ocean_post_title_bg_overlay":0.5,"ocean_post_title_bg_overlay_color":"","ocean_disable_breadcrumbs":"default","ocean_breadcrumbs_color":"","ocean_breadcrumbs_separator_color":"","ocean_breadcrumbs_links_color":"","ocean_breadcrumbs_links_hover_color":"","ocean_display_footer_widgets":"default","ocean_display_footer_bottom":"default","ocean_custom_footer_template":"","footnotes":"","_links_to":"","_links_to_target":""},"class_list":["post-22","page","type-page","status-publish","hentry","entry"],"_links":{"self":[{"href":"https:\/\/voices-of-endingen.de\/wp-json\/wp\/v2\/pages\/22","targetHints":{"allow":["GET"]}}],"collection":[{"href":"https:\/\/voices-of-endingen.de\/wp-json\/wp\/v2\/pages"}],"about":[{"href":"https:\/\/voices-of-endingen.de\/wp-json\/wp\/v2\/types\/page"}],"author":[{"embeddable":true,"href":"https:\/\/voices-of-endingen.de\/wp-json\/wp\/v2\/users\/1"}],"replies":[{"embeddable":true,"href":"https:\/\/voices-of-endingen.de\/wp-json\/wp\/v2\/comments?post=22"}],"version-history":[{"count":298,"href":"https:\/\/voices-of-endingen.de\/wp-json\/wp\/v2\/pages\/22\/revisions"}],"predecessor-version":[{"id":2003,"href":"https:\/\/voices-of-endingen.de\/wp-json\/wp\/v2\/pages\/22\/revisions\/2003"}],"wp:attachment":[{"href":"https:\/\/voices-of-endingen.de\/wp-json\/wp\/v2\/media?parent=22"}],"curies":[{"name":"wp","href":"https:\/\/api.w.org\/{rel}","templated":true}]}}